{"id":766,"date":"2014-03-16T15:27:54","date_gmt":"2014-03-16T15:27:54","guid":{"rendered":"http:\/\/pbaiget.webfactional.com\/?page_id=766"},"modified":"2017-02-08T12:34:16","modified_gmt":"2017-02-08T12:34:16","slug":"bio","status":"publish","type":"page","link":"https:\/\/www.baiget.net\/en\/bio\/","title":{"rendered":"Bio"},"content":{"rendered":"<p><\/p>\n<h1>Biography<img loading=\"lazy\" class=\"wp-image-4986 size-medium alignright\" src=\"http:\/\/baiget.net\/wp-content\/uploads\/2014\/03\/careto5_girat-210x300.jpg\" width=\"210\" height=\"300\" srcset=\"https:\/\/www.baiget.net\/wp-content\/uploads\/2014\/03\/careto5_girat-210x300.jpg 210w, https:\/\/www.baiget.net\/wp-content\/uploads\/2014\/03\/careto5_girat.jpg 551w\" sizes=\"(max-width: 210px) 100vw, 210px\" \/><\/h1>\n<blockquote><p>1951- Col\u00f2nia G\u00fcell<br \/>\nSanta Coloma de Cervell\u00f3<br \/>\nBarcelona<\/p><\/blockquote>\n<p>Art studies at <em>Escola Massana<\/em>, Escola d&#8217;Arts i Oficis Art\u00edstics, and at the <em>\u2019Escola d\u2019Arts del Llibre a Barcelona<\/em>.<\/p>\n<p>Around the 70&#8217;s, (from 20th century) i have published worked on both general information publications and humor and satirics publications, including illustrations concerning political and social aspects.<\/p>\n<p>The newspaper <em>Tele\/expr\u00e9s<\/em> and the journals <em>Serra d&#8217;Or<\/em>, <em>Oriflama<\/em>, <em>El Papus<\/em>, <em>Andal\u00e1n<\/em>, <em>El Viejo Topo<\/em>, <em>Pla\u00e7a Gran<\/em>, <em>El Drall<\/em>, <em>La Llufa<\/em> etc.<\/p>\n<p>I have collaborated in the creation of several pedagogic devoted to literacy teaching of adult people, using a ecologist and sindicalist nature.<\/p>\n<p>Several posters for traditional celebrations and social movements.<\/p>\n<p>I&#8217;ve written some books, (when such things were still a tradition):CLERICARIUM (1983), MANIOBRES(1985 at Editorial Hacer), and PETIT COSTUMARI, (1991, at Editorial El Llamp.<\/p>\n<p>Even, a prize!: Best draw at <em>Circulo de Lectores<\/em> on 1996.<\/p>\n<p>Around middle 80&#8217;s, ( from 20th century ) I extended my formats, objectives and concepts; I focus my activity in exhibitions. Therefore, more time and calm towards creation.<\/p>\n<h5>Some exhibitions:<\/h5>\n<ul>\n<li>In Barcelona, at \u201cTeatre Lliure\u201d, at \u201c La Rosa de Foc\u201d several times. At \u201cRac\u00f3 de l\u2019Art\u201d, at the \u201cCasal d\u2019Horta\u201d, at the \u201cCotxeres Borrell\u201d sponsored by \u2019Ajuntament de Barcelona.<\/li>\n<li>At the gallery \u201cCidi Hiaya\u201d, in the city of Granada, some consecutive years.<\/li>\n<li>Collective exhibition at Leipzig during the year when the wall felt!<\/li>\n<li>At \u201cCaf\u00e9 del Sindicat\u201d in Seriny\u00e0, at \u201cMirallet\u201d in Granollers. Exhibition in Madrid, at the Atocha train station,<\/li>\n<li>At \u201cCan Massallera\u201d, in Sant Boi de Llobregat, also sponsored by the City Hall, at the Festa Modernista\u201d (modernist party); in <em>la Col\u00f2nia G\u00fcell<\/em>, and the last at the gallery \u201cLescribe-Brigitte Grifault\u201d in Montauban, France.<\/li>\n<\/ul>\n<p>And here we are, still working on it \u201c.<\/p>\n<div class=\"fcbkbttn_buttons_block\" id=\"fcbkbttn_left\"><div class=\"fcbkbttn_like \"><div class=\"fb-like fb-like-standard\" data-href=\"https:\/\/www.baiget.net\/en\/bio\/\" data-colorscheme=\"dark\" data-layout=\"standard\" data-action=\"like\"  data-width=\"450px\" data-show-faces='false' data-size=\"small\"><\/div><\/div><div class=\"fb-share-button  \" data-href=\"https:\/\/www.baiget.net\/en\/bio\/\" data-type=\"button_count\" data-size=\"small\"><\/div><\/div>","protected":false},"excerpt":{"rendered":"<p>Biography 1951- Col\u00f2nia G\u00fcell Santa Coloma de Cervell\u00f3 Barcelona Art studies at Escola Massana, Escola d&#8217;Arts i Oficis Art\u00edstics, and at the \u2019Escola d\u2019Arts del Llibre a Barcelona. Around the 70&#8217;s, (from 20th century) i have published worked on both general information publications and humor and satirics publications, including illustrations&#8230;<\/p>\n<div class=\"fcbkbttn_buttons_block\" id=\"fcbkbttn_left\"><div class=\"fcbkbttn_like \"><div class=\"fb-like fb-like-standard\" data-href=\"https:\/\/www.baiget.net\/en\/bio\/\" data-colorscheme=\"dark\" data-layout=\"standard\" data-action=\"like\"  data-width=\"450px\" data-show-faces='false' data-size=\"small\"><\/div><\/div><div class=\"fb-share-button  \" data-href=\"https:\/\/www.baiget.net\/en\/bio\/\" data-type=\"button_count\" data-size=\"small\"><\/div><\/div>","protected":false},"author":1,"featured_media":0,"parent":0,"menu_order":0,"comment_status":"open","ping_status":"open","template":"","meta":[],"yoast_head":"<!-- This site is optimized with the Yoast SEO plugin v15.4 - https:\/\/yoast.com\/wordpress\/plugins\/seo\/ -->\n<meta name=\"description\" content=\"(Catal\u00e0) Biografia de Francesc Baiget Elias - 1951- Col\u00f2nia G\u00fcell Santa Coloma de Cervell\u00f3 Barcelona. Biography for Francesc Baiget Elias.\" \/>\n<meta name=\"robots\" content=\"index, follow, max-snippet:-1, max-image-preview:large, max-video-preview:-1\" \/>\n<link rel=\"canonical\" href=\"https:\/\/www.baiget.net\/bio\/\" \/>\n<meta property=\"og:locale\" content=\"en_US\" \/>\n<meta property=\"og:type\" content=\"article\" \/>\n<meta property=\"og:title\" content=\"Biograf\u00eda de Francesc Baiget El\u00edas\" \/>\n<meta property=\"og:description\" content=\"Biograf\u00eda de Francesc Baiget El\u00edas 1951- Col\u00f2nia G\u00fcell, Santa Coloma de Cervell\u00f3, Barcelona. Estudis d\u2019Art a l\u2019Escola Massana, a la d\u2019Arts i Oficis Art\u00edstics i a l\u2019Escola d\u2019Arts del Llibre a Barcelona. Col.laboraci\u00f3 en diverses publicacions i mostra d&#039;obra en exposicions.\" \/>\n<meta property=\"og:url\" content=\"https:\/\/www.baiget.net\/bio\/\" \/>\n<meta property=\"og:site_name\" content=\"Francesc Baiget Elias\" \/>\n<meta property=\"article:publisher\" content=\"https:\/\/www.facebook.com\/francesc.baigetelias\" \/>\n<meta property=\"article:modified_time\" content=\"2017-02-08T12:34:16+00:00\" \/>\n<meta property=\"og:image\" content=\"http:\/\/www.baiget.net\/wp-content\/uploads\/2014\/03\/careto5_girat.jpg\" \/>\n<meta property=\"fb:app_id\" content=\"190249614786404\" \/>\n<meta name=\"twitter:card\" content=\"summary_large_image\" \/>\n<meta name=\"twitter:label1\" content=\"Written by\">\n\t<meta name=\"twitter:data1\" content=\"admin\">\n\t<meta name=\"twitter:label2\" content=\"Est. reading time\">\n\t<meta name=\"twitter:data2\" content=\"4 minutes\">\n<script type=\"application\/ld+json\" class=\"yoast-schema-graph\">{\"@context\":\"https:\/\/schema.org\",\"@graph\":[{\"@type\":\"WebSite\",\"@id\":\"https:\/\/www.baiget.net\/#website\",\"url\":\"https:\/\/www.baiget.net\/\",\"name\":\"Francesc Baiget Elias\",\"description\":\"\",\"potentialAction\":[{\"@type\":\"SearchAction\",\"target\":\"https:\/\/www.baiget.net\/?s={search_term_string}\",\"query-input\":\"required name=search_term_string\"}],\"inLanguage\":\"en-US\"},{\"@type\":\"ImageObject\",\"@id\":\"https:\/\/www.baiget.net\/bio\/#primaryimage\",\"inLanguage\":\"en-US\",\"url\":\"http:\/\/baiget.net\/wp-content\/uploads\/2014\/03\/careto5_girat-210x300.jpg\"},{\"@type\":\"WebPage\",\"@id\":\"https:\/\/www.baiget.net\/bio\/#webpage\",\"url\":\"https:\/\/www.baiget.net\/bio\/\",\"name\":\"Bio - Francesc Baiget Elias\",\"isPartOf\":{\"@id\":\"https:\/\/www.baiget.net\/#website\"},\"primaryImageOfPage\":{\"@id\":\"https:\/\/www.baiget.net\/bio\/#primaryimage\"},\"datePublished\":\"2014-03-16T15:27:54+00:00\",\"dateModified\":\"2017-02-08T12:34:16+00:00\",\"description\":\"(Catal\\u00e0) Biografia de Francesc Baiget Elias - 1951- Col\\u00f2nia G\\u00fcell Santa Coloma de Cervell\\u00f3 Barcelona. Biography for Francesc Baiget Elias.\",\"inLanguage\":\"en-US\",\"potentialAction\":[{\"@type\":\"ReadAction\",\"target\":[\"https:\/\/www.baiget.net\/bio\/\"]}]}]}<\/script>\n<!-- \/ Yoast SEO plugin. -->","_links":{"self":[{"href":"https:\/\/www.baiget.net\/en\/wp-json\/wp\/v2\/pages\/766"}],"collection":[{"href":"https:\/\/www.baiget.net\/en\/wp-json\/wp\/v2\/pages"}],"about":[{"href":"https:\/\/www.baiget.net\/en\/wp-json\/wp\/v2\/types\/page"}],"author":[{"embeddable":true,"href":"https:\/\/www.baiget.net\/en\/wp-json\/wp\/v2\/users\/1"}],"replies":[{"embeddable":true,"href":"https:\/\/www.baiget.net\/en\/wp-json\/wp\/v2\/comments?post=766"}],"version-history":[{"count":38,"href":"https:\/\/www.baiget.net\/en\/wp-json\/wp\/v2\/pages\/766\/revisions"}],"predecessor-version":[{"id":5006,"href":"https:\/\/www.baiget.net\/en\/wp-json\/wp\/v2\/pages\/766\/revisions\/5006"}],"wp:attachment":[{"href":"https:\/\/www.baiget.net\/en\/wp-json\/wp\/v2\/media?parent=766"}],"curies":[{"name":"wp","href":"https:\/\/api.w.org\/{rel}","templated":true}]}}