{"id":1006,"date":"2014-03-16T17:24:30","date_gmt":"2014-03-16T17:24:30","guid":{"rendered":"http:\/\/pbaiget.webfactional.com\/?page_id=1006"},"modified":"2017-02-05T16:54:38","modified_gmt":"2017-02-05T16:54:38","slug":"contact","status":"publish","type":"page","link":"https:\/\/www.baiget.net\/es\/contact\/","title":{"rendered":"Contacto"},"content":{"rendered":"<p><\/p>\n<h3>Razones para ponerse en contacto con esta web:<\/h3>\n<p>Has visto el resultado de un gran trabajo. Dias y dias de cavilaciones y pruebas; tambien de dudas y equivocaciones. Cuando se da una obra por acabada?<br \/>\nResulta dif\u00edcil dejar una pieza como lista: La libertat de a\u00f1adir o eliminar elementos es una tentaci\u00f3n irresistible para las personas inseguras.<br \/>\nDec\u00eda Marcel Duchamp que una obra no exist\u00eda hasta que alguien la habia mirado; as\u00ed que depende de ti que esto se cumpla, que el c&amp;iacute se cierre.<br \/>\nSi me lo haces saber quedar\u00e1 certificada su existencia.ncia.<br \/>\nTambi\u00e9 me iria bien hacerme a la idea de que tanto esfuerzo (voluntario y feliz) ha valido la pena.<\/p>\n<p>Bienvenido a casa.<\/p>\n<p>Francesc Baiget<\/p>\n<p><strong>Telf: +34626576887<\/strong><br \/>\n<strong>Mail: <a href=mailto:francesc@baiget.net>francesc@baiget.net<\/a><\/strong><\/p>\n<h3>Contacto:<\/h3>\n<p><div role=\"form\" class=\"wpcf7\" id=\"wpcf7-f39-o3\" lang=\"en-US\" dir=\"ltr\">\n<div class=\"screen-reader-response\"><p role=\"status\" aria-live=\"polite\" aria-atomic=\"true\"><\/p> <ul><\/ul><\/div>\n<form action=\"\/es\/wp-json\/wp\/v2\/pages\/1006#wpcf7-f39-o3\" method=\"post\" class=\"wpcf7-form init\" novalidate=\"novalidate\" data-status=\"init\">\n<div style=\"display: none;\">\n<input type=\"hidden\" name=\"_wpcf7\" value=\"39\" \/>\n<input type=\"hidden\" name=\"_wpcf7_version\" value=\"5.3.1\" \/>\n<input type=\"hidden\" name=\"_wpcf7_locale\" value=\"en_US\" \/>\n<input type=\"hidden\" name=\"_wpcf7_unit_tag\" value=\"wpcf7-f39-o3\" \/>\n<input type=\"hidden\" name=\"_wpcf7_container_post\" value=\"0\" \/>\n<input type=\"hidden\" name=\"_wpcf7_posted_data_hash\" value=\"\" \/>\n<input type=\"hidden\" name=\"_wpcf7_recaptcha_response\" value=\"\" \/>\n<\/div>\n<p><b>Your Name (required)<\/b><br \/>\n    <span class=\"wpcf7-form-control-wrap your-name\"><input type=\"text\" name=\"your-name\" value=\"\" size=\"40\" class=\"wpcf7-form-control wpcf7-text wpcf7-validates-as-required\" aria-required=\"true\" aria-invalid=\"false\" \/><\/span> <\/p>\n<p><b>Your Email (required)<\/b><br \/>\n    <span class=\"wpcf7-form-control-wrap your-email\"><input type=\"email\" name=\"your-email\" value=\"\" size=\"40\" class=\"wpcf7-form-control wpcf7-text wpcf7-email wpcf7-validates-as-required wpcf7-validates-as-email\" aria-required=\"true\" aria-invalid=\"false\" \/><\/span> <\/p>\n<p><b>Subject<\/b><br \/>\n    <span class=\"wpcf7-form-control-wrap your-subject\"><input type=\"text\" name=\"your-subject\" value=\"\" size=\"40\" class=\"wpcf7-form-control wpcf7-text\" aria-invalid=\"false\" \/><\/span> <\/p>\n<p><b>Your Message<\/b><br \/>\n    <span class=\"wpcf7-form-control-wrap your-message\"><textarea name=\"your-message\" cols=\"40\" rows=\"10\" class=\"wpcf7-form-control wpcf7-textarea\" aria-invalid=\"false\"><\/textarea><\/span> <\/p>\n\n<p><b><input type=\"submit\" value=\"Send\" class=\"wpcf7-form-control wpcf7-submit\" \/><\/b><\/p>\n<div class=\"wpcf7-response-output\" aria-hidden=\"true\"><\/div><\/form><\/div><\/p>\n<div class=\"fcbkbttn_buttons_block\" id=\"fcbkbttn_left\"><div class=\"fcbkbttn_like \"><div class=\"fb-like fb-like-standard\" data-href=\"https:\/\/www.baiget.net\/es\/contact\/\" data-colorscheme=\"dark\" data-layout=\"standard\" data-action=\"like\"  data-width=\"450px\" data-show-faces='false' data-size=\"small\"><\/div><\/div><div class=\"fb-share-button  \" data-href=\"https:\/\/www.baiget.net\/es\/contact\/\" data-type=\"button_count\" data-size=\"small\"><\/div><\/div>","protected":false},"excerpt":{"rendered":"<p>Razones para ponerse en contacto con esta web: Has visto el resultado de un gran trabajo. Dias y dias de cavilaciones y pruebas; tambien de dudas y equivocaciones. Cuando se da una obra por acabada? Resulta dif\u00edcil dejar una pieza como lista: La libertat de a\u00f1adir o eliminar elementos es&#8230;<\/p>\n<div class=\"fcbkbttn_buttons_block\" id=\"fcbkbttn_left\"><div class=\"fcbkbttn_like \"><div class=\"fb-like fb-like-standard\" data-href=\"https:\/\/www.baiget.net\/es\/contact\/\" data-colorscheme=\"dark\" data-layout=\"standard\" data-action=\"like\"  data-width=\"450px\" data-show-faces='false' data-size=\"small\"><\/div><\/div><div class=\"fb-share-button  \" data-href=\"https:\/\/www.baiget.net\/es\/contact\/\" data-type=\"button_count\" data-size=\"small\"><\/div><\/div>","protected":false},"author":1,"featured_media":0,"parent":0,"menu_order":0,"comment_status":"open","ping_status":"open","template":"page_blank.php","meta":[],"yoast_head":"<!-- This site is optimized with the Yoast SEO plugin v15.4 - https:\/\/yoast.com\/wordpress\/plugins\/seo\/ -->\n<meta name=\"robots\" content=\"index, follow, max-snippet:-1, max-image-preview:large, max-video-preview:-1\" \/>\n<link rel=\"canonical\" href=\"http:\/\/www.baiget.net\/contact\/\" \/>\n<meta property=\"og:locale\" content=\"es_ES\" \/>\n<meta property=\"og:type\" content=\"article\" \/>\n<meta property=\"og:title\" content=\"Contacto - Francesc Baiget Elias\" \/>\n<meta property=\"og:description\" content=\"Razones para ponerse en contacto con esta web: Has visto el resultado de un gran trabajo. Dias y dias de cavilaciones y pruebas; tambien de dudas y equivocaciones. Cuando se da una obra por acabada? Resulta dif\u00edcil dejar una pieza como lista: La libertat de a\u00f1adir o eliminar elementos es...\" \/>\n<meta property=\"og:url\" content=\"http:\/\/www.baiget.net\/contact\/\" \/>\n<meta property=\"og:site_name\" content=\"Francesc Baiget Elias\" \/>\n<meta property=\"article:publisher\" content=\"https:\/\/www.facebook.com\/francesc.baigetelias\" \/>\n<meta property=\"article:modified_time\" content=\"2017-02-05T16:54:38+00:00\" \/>\n<meta property=\"og:image\" content=\"http:\/\/www.baiget.net\/wp-content\/uploads\/2017\/02\/fbimage.jpg\" \/>\n<meta property=\"fb:app_id\" content=\"190249614786404\" \/>\n<meta name=\"twitter:card\" content=\"summary_large_image\" \/>\n<meta name=\"twitter:label1\" content=\"Escrito por\">\n\t<meta name=\"twitter:data1\" content=\"admin\">\n\t<meta name=\"twitter:label2\" content=\"Tiempo de lectura\">\n\t<meta name=\"twitter:data2\" content=\"2 minutos\">\n<script type=\"application\/ld+json\" class=\"yoast-schema-graph\">{\"@context\":\"https:\/\/schema.org\",\"@graph\":[{\"@type\":\"WebSite\",\"@id\":\"https:\/\/www.baiget.net\/#website\",\"url\":\"https:\/\/www.baiget.net\/\",\"name\":\"Francesc Baiget Elias\",\"description\":\"\",\"potentialAction\":[{\"@type\":\"SearchAction\",\"target\":\"https:\/\/www.baiget.net\/?s={search_term_string}\",\"query-input\":\"required name=search_term_string\"}],\"inLanguage\":\"es\"},{\"@type\":\"WebPage\",\"@id\":\"http:\/\/www.baiget.net\/contact\/#webpage\",\"url\":\"http:\/\/www.baiget.net\/contact\/\",\"name\":\"Contacto - Francesc Baiget Elias\",\"isPartOf\":{\"@id\":\"https:\/\/www.baiget.net\/#website\"},\"datePublished\":\"2014-03-16T17:24:30+00:00\",\"dateModified\":\"2017-02-05T16:54:38+00:00\",\"inLanguage\":\"es\",\"potentialAction\":[{\"@type\":\"ReadAction\",\"target\":[\"http:\/\/www.baiget.net\/contact\/\"]}]}]}<\/script>\n<!-- \/ Yoast SEO plugin. -->","_links":{"self":[{"href":"https:\/\/www.baiget.net\/es\/wp-json\/wp\/v2\/pages\/1006"}],"collection":[{"href":"https:\/\/www.baiget.net\/es\/wp-json\/wp\/v2\/pages"}],"about":[{"href":"https:\/\/www.baiget.net\/es\/wp-json\/wp\/v2\/types\/page"}],"author":[{"embeddable":true,"href":"https:\/\/www.baiget.net\/es\/wp-json\/wp\/v2\/users\/1"}],"replies":[{"embeddable":true,"href":"https:\/\/www.baiget.net\/es\/wp-json\/wp\/v2\/comments?post=1006"}],"version-history":[{"count":20,"href":"https:\/\/www.baiget.net\/es\/wp-json\/wp\/v2\/pages\/1006\/revisions"}],"predecessor-version":[{"id":4968,"href":"https:\/\/www.baiget.net\/es\/wp-json\/wp\/v2\/pages\/1006\/revisions\/4968"}],"wp:attachment":[{"href":"https:\/\/www.baiget.net\/es\/wp-json\/wp\/v2\/media?parent=1006"}],"curies":[{"name":"wp","href":"https:\/\/api.w.org\/{rel}","templated":true}]}}