{"id":766,"date":"2014-03-16T15:27:54","date_gmt":"2014-03-16T15:27:54","guid":{"rendered":"http:\/\/pbaiget.webfactional.com\/?page_id=766"},"modified":"2017-02-08T12:34:16","modified_gmt":"2017-02-08T12:34:16","slug":"bio","status":"publish","type":"page","link":"https:\/\/www.baiget.net\/es\/bio\/","title":{"rendered":"Bio"},"content":{"rendered":"<p><\/p>\n<h1>Biograf\u00eda<\/h1>\n<blockquote>\n<div id=\"attachment_4986\" style=\"width: 220px\" class=\"wp-caption alignright\"><img aria-describedby=\"caption-attachment-4986\" loading=\"lazy\" class=\"wp-image-4986 size-medium\" src=\"http:\/\/baiget.net\/wp-content\/uploads\/2014\/03\/careto5_girat-210x300.jpg\" alt=\"Francesc Baiget Elias\" width=\"210\" height=\"300\" srcset=\"https:\/\/www.baiget.net\/wp-content\/uploads\/2014\/03\/careto5_girat-210x300.jpg 210w, https:\/\/www.baiget.net\/wp-content\/uploads\/2014\/03\/careto5_girat.jpg 551w\" sizes=\"(max-width: 210px) 100vw, 210px\" \/><p id=\"caption-attachment-4986\" class=\"wp-caption-text\">Francesc Baiget Elias<\/p><\/div>\n<p>1951- Col\u00f2nia G\u00fcell<\/p>\n<p>Santa Coloma de Cervell\u00f3<\/p>\n<p>Barcelona<\/p><\/blockquote>\n<p>Estudios de Arte en la Escuela Massana, a la d\u2019Arts i Oficis Art\u00edstics y en la \u2019Escola d\u2019Arts del Llibre, en Barcelona.<\/p>\n<p>Durante la decada de los setenta, (del siglo XX) trabajo en publicaciones tanto de informaci\u00f3n general com de humor y s\u00e1tira, con ilustraciones de calado pol\u00edtico y social.<\/p>\n<p>El diario \u201cTele\/expr\u00e9s\u201d y las revistes \u201cSerra d\u2019Or\u201d, \u201cOriflama\u201d, \u201cEl Papus\u201d, \u201cAndal\u00e1n\u201d, \u201cEl Viejo Topo\u201d, \u201cPla\u00e7a Gran\u201d, \u201cEl Drall\u201d, \u201cLa Llufa\u201d etc.<\/p>\n<p>Colaboraci\u00f3n en la creaci\u00f3n de numerosas publicaciones pedag\u00f3gicas \u2013 para la alfabetitzaci\u00f3n de adultos; y de car\u00e1cter ecologista y sindical.<\/p>\n<p>Carteles para fiestas populares y movimientos sociales.<\/p>\n<p>He escrito algunos libros, (cuando a\u00fan se hac\u00edan estas cosas): \u201cCLERICARIUM\u201d en el \u2019a\u00f1o 1983, \u201cMANIOBRES\u201d, el a\u00f1o 1985 en la Editorial Hacer y \u201cPETIT COSTUMARI\u201d, el a\u00f1o 1991, en la Editorial El Llamp.<\/p>\n<p>Ah, incluso un premio: De dibujo en el Circulo de Lectores\u201d el a\u00f1o 1996.<\/p>\n<p>A mediados de la d\u00e9cada de los ochenta, ( del siglo XX ) amplio formatos, objectivos y conceptos; Centro mi actividad en las exposiciones. M\u00e9s tiempo i m\u00e9s calma para la creaci\u00f3n.<\/p>\n<h5>Algunas exposiciones:<\/h5>\n<ul>\n<li>En Barcelona en el \u201cTeatre Lliure\u201d, en \u201c La Rosa de Foc\u201d en diversas ocasiones. En el \u201cRac\u00f3 de l\u2019Art\u201d, en el \u201cCasal d\u2019Horta\u201d, en las \u201cCotxeres Borrell\u201d patrocinado por el Ayuntamiento de Barcelona.<\/li>\n<li>En la galer\u00eda \u201cCidi Hiaya\u201d, en la ciudad de Granada, tambi\u00e9n algunos a\u00f1os seguidos.<\/li>\n<li>Colectiva en Leipzig el a\u00f1o de la caida del Muro!<\/li>\n<li>En el \u201cCaf\u00e9 del Sindicat\u201d en Seriny\u00e0, en el \u201cMirallet\u201d en Granollers. En Madrid, en la \u201cEstaci\u00f3n de Atocha\u201d,<\/li>\n<li>En \u201cCan Massallera\u201d, en Sant Boi de Llobregat, tambi\u00e9n patrocinado por el Ayuntamiento de la Ciudad, en la \u201cFiesta Modernista\u201d en la Col\u00f2nia G\u00fcell, y la \u00fa en la galeria \u201cLescribe-Brigitte Grifault\u201d en Montauban, Francia.<\/li>\n<\/ul>\n<p>Y en estos estamos, como dicen los marineros valientes: \u201cA m\u00e1s mar, m\u00e1s vela\u201d.<\/p>\n<div class=\"fcbkbttn_buttons_block\" id=\"fcbkbttn_left\"><div class=\"fcbkbttn_like \"><div class=\"fb-like fb-like-standard\" data-href=\"https:\/\/www.baiget.net\/es\/bio\/\" data-colorscheme=\"dark\" data-layout=\"standard\" data-action=\"like\"  data-width=\"450px\" data-show-faces='false' data-size=\"small\"><\/div><\/div><div class=\"fb-share-button  \" data-href=\"https:\/\/www.baiget.net\/es\/bio\/\" data-type=\"button_count\" data-size=\"small\"><\/div><\/div>","protected":false},"excerpt":{"rendered":"<p>Biograf\u00eda 1951- Col\u00f2nia G\u00fcell Santa Coloma de Cervell\u00f3 Barcelona Estudios de Arte en la Escuela Massana, a la d\u2019Arts i Oficis Art\u00edstics y en la \u2019Escola d\u2019Arts del Llibre, en Barcelona. Durante la decada de los setenta, (del siglo XX) trabajo en publicaciones tanto de informaci\u00f3n general com de humor&#8230;<\/p>\n<div class=\"fcbkbttn_buttons_block\" id=\"fcbkbttn_left\"><div class=\"fcbkbttn_like \"><div class=\"fb-like fb-like-standard\" data-href=\"https:\/\/www.baiget.net\/es\/bio\/\" data-colorscheme=\"dark\" data-layout=\"standard\" data-action=\"like\"  data-width=\"450px\" data-show-faces='false' data-size=\"small\"><\/div><\/div><div class=\"fb-share-button  \" data-href=\"https:\/\/www.baiget.net\/es\/bio\/\" data-type=\"button_count\" data-size=\"small\"><\/div><\/div>","protected":false},"author":1,"featured_media":0,"parent":0,"menu_order":0,"comment_status":"open","ping_status":"open","template":"","meta":[],"yoast_head":"<!-- This site is optimized with the Yoast SEO plugin v15.4 - https:\/\/yoast.com\/wordpress\/plugins\/seo\/ -->\n<meta name=\"description\" content=\"(Catal\u00e0) Biografia de Francesc Baiget Elias - 1951- Col\u00f2nia G\u00fcell Santa Coloma de Cervell\u00f3 Barcelona. Biography for Francesc Baiget Elias.\" \/>\n<meta name=\"robots\" content=\"index, follow, max-snippet:-1, max-image-preview:large, max-video-preview:-1\" \/>\n<link rel=\"canonical\" href=\"https:\/\/www.baiget.net\/bio\/\" \/>\n<meta property=\"og:locale\" content=\"es_ES\" \/>\n<meta property=\"og:type\" content=\"article\" \/>\n<meta property=\"og:title\" content=\"Biograf\u00eda de Francesc Baiget El\u00edas\" \/>\n<meta property=\"og:description\" content=\"Biograf\u00eda de Francesc Baiget El\u00edas 1951- Col\u00f2nia G\u00fcell, Santa Coloma de Cervell\u00f3, Barcelona. Estudis d\u2019Art a l\u2019Escola Massana, a la d\u2019Arts i Oficis Art\u00edstics i a l\u2019Escola d\u2019Arts del Llibre a Barcelona. Col.laboraci\u00f3 en diverses publicacions i mostra d&#039;obra en exposicions.\" \/>\n<meta property=\"og:url\" content=\"https:\/\/www.baiget.net\/bio\/\" \/>\n<meta property=\"og:site_name\" content=\"Francesc Baiget Elias\" \/>\n<meta property=\"article:publisher\" content=\"https:\/\/www.facebook.com\/francesc.baigetelias\" \/>\n<meta property=\"article:modified_time\" content=\"2017-02-08T12:34:16+00:00\" \/>\n<meta property=\"og:image\" content=\"http:\/\/www.baiget.net\/wp-content\/uploads\/2014\/03\/careto5_girat.jpg\" \/>\n<meta property=\"fb:app_id\" content=\"190249614786404\" \/>\n<meta name=\"twitter:card\" content=\"summary_large_image\" \/>\n<meta name=\"twitter:label1\" content=\"Escrito por\">\n\t<meta name=\"twitter:data1\" content=\"admin\">\n\t<meta name=\"twitter:label2\" content=\"Tiempo de lectura\">\n\t<meta name=\"twitter:data2\" content=\"4 minutos\">\n<script type=\"application\/ld+json\" class=\"yoast-schema-graph\">{\"@context\":\"https:\/\/schema.org\",\"@graph\":[{\"@type\":\"WebSite\",\"@id\":\"https:\/\/www.baiget.net\/#website\",\"url\":\"https:\/\/www.baiget.net\/\",\"name\":\"Francesc Baiget Elias\",\"description\":\"\",\"potentialAction\":[{\"@type\":\"SearchAction\",\"target\":\"https:\/\/www.baiget.net\/?s={search_term_string}\",\"query-input\":\"required name=search_term_string\"}],\"inLanguage\":\"es\"},{\"@type\":\"ImageObject\",\"@id\":\"https:\/\/www.baiget.net\/bio\/#primaryimage\",\"inLanguage\":\"es\",\"url\":\"http:\/\/baiget.net\/wp-content\/uploads\/2014\/03\/careto5_girat-210x300.jpg\"},{\"@type\":\"WebPage\",\"@id\":\"https:\/\/www.baiget.net\/bio\/#webpage\",\"url\":\"https:\/\/www.baiget.net\/bio\/\",\"name\":\"Bio - Francesc Baiget Elias\",\"isPartOf\":{\"@id\":\"https:\/\/www.baiget.net\/#website\"},\"primaryImageOfPage\":{\"@id\":\"https:\/\/www.baiget.net\/bio\/#primaryimage\"},\"datePublished\":\"2014-03-16T15:27:54+00:00\",\"dateModified\":\"2017-02-08T12:34:16+00:00\",\"description\":\"(Catal\\u00e0) Biografia de Francesc Baiget Elias - 1951- Col\\u00f2nia G\\u00fcell Santa Coloma de Cervell\\u00f3 Barcelona. Biography for Francesc Baiget Elias.\",\"inLanguage\":\"es\",\"potentialAction\":[{\"@type\":\"ReadAction\",\"target\":[\"https:\/\/www.baiget.net\/bio\/\"]}]}]}<\/script>\n<!-- \/ Yoast SEO plugin. -->","_links":{"self":[{"href":"https:\/\/www.baiget.net\/es\/wp-json\/wp\/v2\/pages\/766"}],"collection":[{"href":"https:\/\/www.baiget.net\/es\/wp-json\/wp\/v2\/pages"}],"about":[{"href":"https:\/\/www.baiget.net\/es\/wp-json\/wp\/v2\/types\/page"}],"author":[{"embeddable":true,"href":"https:\/\/www.baiget.net\/es\/wp-json\/wp\/v2\/users\/1"}],"replies":[{"embeddable":true,"href":"https:\/\/www.baiget.net\/es\/wp-json\/wp\/v2\/comments?post=766"}],"version-history":[{"count":38,"href":"https:\/\/www.baiget.net\/es\/wp-json\/wp\/v2\/pages\/766\/revisions"}],"predecessor-version":[{"id":5006,"href":"https:\/\/www.baiget.net\/es\/wp-json\/wp\/v2\/pages\/766\/revisions\/5006"}],"wp:attachment":[{"href":"https:\/\/www.baiget.net\/es\/wp-json\/wp\/v2\/media?parent=766"}],"curies":[{"name":"wp","href":"https:\/\/api.w.org\/{rel}","templated":true}]}}